{"id":43136,"date":"2022-04-17T16:05:16","date_gmt":"2022-04-17T14:05:16","guid":{"rendered":"https:\/\/staging.oeklo.at\/kaufen\/oeklo-kinderklo"},"modified":"2025-04-14T14:48:24","modified_gmt":"2025-04-14T12:48:24","slug":"oeklo-childrens-toilet","status":"publish","type":"product","link":"https:\/\/oeklo.at\/en\/kaufen\/oeklo-childrens-toilet","title":{"rendered":"\u00f6Klo Children&#8217;s toilet"},"content":{"rendered":"","protected":false},"excerpt":{"rendered":"<p>Das \u00f6Klo Kinderklo ist das ideale Produkt f\u00fcr unsere Nachk\u00f6mmlinge, die gerade den Wechsel vom T\u00f6pfchen auf die Toilette lernen. Mit einem Fach f\u00fcr S\u00e4gesp\u00e4ne und Regalen f\u00fcr Klopapier unterhalb der Toilette, sowie robusten Haltegriffen zum einfachen Transport und festhalten, w\u00e4hrend der Benutzung ausgestattet, bietet das \u00f6Klo Kinderklo den idealen Einstieg f\u00fcr unsere Kleinsten in die Welt der Toiletten.<\/p>\n","protected":false},"featured_media":41184,"comment_status":"open","ping_status":"closed","template":"","meta":{"iawp_total_views":31},"product_brand":[],"product_cat":[443,442,444],"product_tag":[],"produkt-zubehor-kategorie":[],"class_list":{"0":"post-43136","1":"product","2":"type-product","3":"status-publish","4":"has-post-thumbnail","6":"product_cat-high-price-en","7":"product_cat-kaufen-en","8":"product_cat-mobile-toiletten-en","9":"product_shipping_class-mittel-en","11":"first","12":"instock","13":"taxable","14":"shipping-taxable","15":"purchasable","16":"product-type-simple"},"_links":{"self":[{"href":"https:\/\/oeklo.at\/en\/wp-json\/wp\/v2\/product\/43136","targetHints":{"allow":["GET"]}}],"collection":[{"href":"https:\/\/oeklo.at\/en\/wp-json\/wp\/v2\/product"}],"about":[{"href":"https:\/\/oeklo.at\/en\/wp-json\/wp\/v2\/types\/product"}],"replies":[{"embeddable":true,"href":"https:\/\/oeklo.at\/en\/wp-json\/wp\/v2\/comments?post=43136"}],"wp:featuredmedia":[{"embeddable":true,"href":"https:\/\/oeklo.at\/en\/wp-json\/wp\/v2\/media\/41184"}],"wp:attachment":[{"href":"https:\/\/oeklo.at\/en\/wp-json\/wp\/v2\/media?parent=43136"}],"wp:term":[{"taxonomy":"product_brand","embeddable":true,"href":"https:\/\/oeklo.at\/en\/wp-json\/wp\/v2\/product_brand?post=43136"},{"taxonomy":"product_cat","embeddable":true,"href":"https:\/\/oeklo.at\/en\/wp-json\/wp\/v2\/product_cat?post=43136"},{"taxonomy":"product_tag","embeddable":true,"href":"https:\/\/oeklo.at\/en\/wp-json\/wp\/v2\/product_tag?post=43136"},{"taxonomy":"produkt-zubehor-kategorie","embeddable":true,"href":"https:\/\/oeklo.at\/en\/wp-json\/wp\/v2\/produkt-zubehor-kategorie?post=43136"}],"curies":[{"name":"wp","href":"https:\/\/api.w.org\/{rel}","templated":true}]}}