{"id":43056,"date":"2023-04-23T21:59:46","date_gmt":"2023-04-23T19:59:46","guid":{"rendered":"https:\/\/staging.oeklo.at\/buy\/mobiles-waschen"},"modified":"2025-02-22T19:09:59","modified_gmt":"2025-02-22T17:09:59","slug":"mobile-washing","status":"publish","type":"page","link":"https:\/\/oeklo.at\/en\/buy\/mobile-washing","title":{"rendered":"Mobiles-Waschen-DE"},"content":{"rendered":"\t\t<div data-elementor-type=\"wp-page\" data-elementor-id=\"43056\" class=\"elementor elementor-43056 elementor-36718\" data-elementor-post-type=\"page\">\n\t\t\t\t<div class=\"elementor-element elementor-element-c884609 c-box e-flex e-con-boxed e-con e-parent\" data-id=\"c884609\" data-element_type=\"container\">\n\t\t\t\t\t<div class=\"e-con-inner\">\n\t\t\t\t<div class=\"elementor-element elementor-element-33cc1b3 elementor-icon-list--layout-inline elementor-list-item-link-full_width elementor-widget elementor-widget-icon-list\" data-id=\"33cc1b3\" data-element_type=\"widget\" data-widget_type=\"icon-list.default\">\n\t\t\t\t<div class=\"elementor-widget-container\">\n\t\t\t\t\t\t\t<ul class=\"elementor-icon-list-items elementor-inline-items\">\n\t\t\t\t\t\t\t<li class=\"elementor-icon-list-item elementor-inline-item\">\n\t\t\t\t\t\t\t\t\t\t<span class=\"elementor-icon-list-text\">Start<\/span>\n\t\t\t\t\t\t\t\t\t<\/li>\n\t\t\t\t\t\t\t\t<li class=\"elementor-icon-list-item elementor-inline-item\">\n\t\t\t\t\t\t\t\t\t\t\t<a href=\"\/en\/buy\">\n\n\t\t\t\t\t\t\t\t\t\t\t\t<span class=\"elementor-icon-list-icon\">\n\t\t\t\t\t\t\t<i aria-hidden=\"true\" class=\"fas fa-chevron-right\"><\/i>\t\t\t\t\t\t<\/span>\n\t\t\t\t\t\t\t\t\t\t<span class=\"elementor-icon-list-text\">Buy<\/span>\n\t\t\t\t\t\t\t\t\t\t\t<\/a>\n\t\t\t\t\t\t\t\t\t<\/li>\n\t\t\t\t\t\t\t\t<li class=\"elementor-icon-list-item elementor-inline-item\">\n\t\t\t\t\t\t\t\t\t\t\t<a href=\"\/en\/buy\/mobile-washing\">\n\n\t\t\t\t\t\t\t\t\t\t\t\t<span class=\"elementor-icon-list-icon\">\n\t\t\t\t\t\t\t<i aria-hidden=\"true\" class=\"fas fa-chevron-right\"><\/i>\t\t\t\t\t\t<\/span>\n\t\t\t\t\t\t\t\t\t\t<span class=\"elementor-icon-list-text\"><u>Mobile washing<\/u><\/span>\n\t\t\t\t\t\t\t\t\t\t\t<\/a>\n\t\t\t\t\t\t\t\t\t<\/li>\n\t\t\t\t\t\t<\/ul>\n\t\t\t\t\t\t<\/div>\n\t\t\t\t<\/div>\n\t\t\t\t<div class=\"elementor-element elementor-element-6d45788 elementor-widget elementor-widget-heading\" data-id=\"6d45788\" data-element_type=\"widget\" data-widget_type=\"heading.default\">\n\t\t\t\t<div class=\"elementor-widget-container\">\n\t\t\t\t\t<h1 class=\"elementor-heading-title elementor-size-default\">\u00f6Klo mobile washing<\/h1>\t\t\t\t<\/div>\n\t\t\t\t<\/div>\n\t\t\t\t<div class=\"elementor-element elementor-element-9cfa68a elementor-nav-menu--dropdown-none jedv-enabled--yes elementor-widget elementor-widget-nav-menu\" data-id=\"9cfa68a\" data-element_type=\"widget\" data-settings=\"{&quot;layout&quot;:&quot;horizontal&quot;,&quot;submenu_icon&quot;:{&quot;value&quot;:&quot;&lt;i class=\\&quot;fas fa-caret-down\\&quot; aria-hidden=\\&quot;true\\&quot;&gt;&lt;\\\/i&gt;&quot;,&quot;library&quot;:&quot;fa-solid&quot;}}\" data-widget_type=\"nav-menu.default\">\n\t\t\t\t<div class=\"elementor-widget-container\">\n\t\t\t\t\t\t\t\t<nav aria-label=\"Menu\" class=\"elementor-nav-menu--main elementor-nav-menu__container elementor-nav-menu--layout-horizontal e--pointer-underline e--animation-fade\">\n\t\t\t\t<ul id=\"menu-1-9cfa68a\" class=\"elementor-nav-menu\"><li class=\"menu-item menu-item-type-custom menu-item-object-custom menu-item-43027\"><a href=\"\/en\/buy\/mobile-toilets\" class=\"elementor-item\">Mobile Toilets<\/a><\/li>\n<li class=\"menu-item menu-item-type-custom menu-item-object-custom menu-item-43028\"><a href=\"\/en\/buy\/mobile-urinals\" class=\"elementor-item\">Mobile urinals<\/a><\/li>\n<li class=\"menu-item menu-item-type-custom menu-item-object-custom menu-item-43029\"><a href=\"\/en\/buy\/mobile-washing\" class=\"elementor-item\">Mobile washing<\/a><\/li>\n<li class=\"menu-item menu-item-type-custom menu-item-object-custom menu-item-43070\"><a href=\"\/en\/buy\/accessories\" class=\"elementor-item\">Accessories<\/a><\/li>\n<li class=\"menu-item menu-item-type-custom menu-item-object-custom menu-item-43030\"><a href=\"\/en\/buy\/bestseller\" class=\"elementor-item\">Bestseller<\/a><\/li>\n<li class=\"menu-item menu-item-type-custom menu-item-object-custom menu-item-43031\"><a href=\"\/en\/buy\/merchandise\" class=\"elementor-item\">Merchandise<\/a><\/li>\n<\/ul>\t\t\t<\/nav>\n\t\t\t\t\t\t<nav class=\"elementor-nav-menu--dropdown elementor-nav-menu__container\" aria-hidden=\"true\">\n\t\t\t\t<ul id=\"menu-2-9cfa68a\" class=\"elementor-nav-menu\"><li class=\"menu-item menu-item-type-custom menu-item-object-custom menu-item-43027\"><a href=\"\/en\/buy\/mobile-toilets\" class=\"elementor-item\" tabindex=\"-1\">Mobile Toilets<\/a><\/li>\n<li class=\"menu-item menu-item-type-custom menu-item-object-custom menu-item-43028\"><a href=\"\/en\/buy\/mobile-urinals\" class=\"elementor-item\" tabindex=\"-1\">Mobile urinals<\/a><\/li>\n<li class=\"menu-item menu-item-type-custom menu-item-object-custom menu-item-43029\"><a href=\"\/en\/buy\/mobile-washing\" class=\"elementor-item\" tabindex=\"-1\">Mobile washing<\/a><\/li>\n<li class=\"menu-item menu-item-type-custom menu-item-object-custom menu-item-43070\"><a href=\"\/en\/buy\/accessories\" class=\"elementor-item\" tabindex=\"-1\">Accessories<\/a><\/li>\n<li class=\"menu-item menu-item-type-custom menu-item-object-custom menu-item-43030\"><a href=\"\/en\/buy\/bestseller\" class=\"elementor-item\" tabindex=\"-1\">Bestseller<\/a><\/li>\n<li class=\"menu-item menu-item-type-custom menu-item-object-custom menu-item-43031\"><a href=\"\/en\/buy\/merchandise\" class=\"elementor-item\" tabindex=\"-1\">Merchandise<\/a><\/li>\n<\/ul>\t\t\t<\/nav>\n\t\t\t\t\t\t<\/div>\n\t\t\t\t<\/div>\n\t\t\t\t<div class=\"elementor-element elementor-element-9c3bb7c elementor-widget__width-initial elementor-widget-laptop__width-inherit elementor-widget elementor-widget-text-editor\" data-id=\"9c3bb7c\" data-element_type=\"widget\" data-widget_type=\"text-editor.default\">\n\t\t\t\t<div class=\"elementor-widget-container\">\n\t\t\t\t\t\t\t\t\t<p>Are you looking for practical and flexible hygiene solutions to wash your hands or take a cool shower &#8211; without a water connection? Whether in your own garden, on a building site or at an event &#8211; take a look at our hygiene facilities, such as our \u00f6Klo Wash Station Mini, \u00f6Klo Wash Station and \u00f6Klo Shower. Make an active contribution to environmental protection by opting for mobile washing with purchase.<\/p>\t\t\t\t\t\t\t\t<\/div>\n\t\t\t\t<\/div>\n\t\t\t\t<div class=\"elementor-element elementor-element-47e2de5 elementor-widget elementor-widget-jet-listing-grid\" data-id=\"47e2de5\" data-element_type=\"widget\" data-settings=\"{&quot;columns&quot;:&quot;5&quot;,&quot;columns_widescreen&quot;:&quot;6&quot;,&quot;columns_laptop&quot;:&quot;4&quot;,&quot;columns_tablet&quot;:&quot;3&quot;,&quot;columns_mobile&quot;:&quot;2&quot;}\" data-widget_type=\"jet-listing-grid.default\">\n\t\t\t\t<div class=\"elementor-widget-container\">\n\t\t\t\t\t<div class=\"jet-listing-grid jet-listing\"><div class=\"jet-listing-grid__items grid-col-desk-5 grid-col-tablet-3 grid-col-mobile-2 jet-listing-grid--36836 woocommerce\" data-queried-id=\"43056|WP_Post\" data-nav=\"{&quot;enabled&quot;:false,&quot;type&quot;:null,&quot;more_el&quot;:null,&quot;query&quot;:[],&quot;widget_settings&quot;:{&quot;lisitng_id&quot;:36836,&quot;posts_num&quot;:20,&quot;columns&quot;:5,&quot;columns_tablet&quot;:3,&quot;columns_mobile&quot;:2,&quot;column_min_width&quot;:240,&quot;column_min_width_tablet&quot;:240,&quot;column_min_width_mobile&quot;:240,&quot;inline_columns_css&quot;:false,&quot;is_archive_template&quot;:&quot;&quot;,&quot;post_status&quot;:[&quot;publish&quot;],&quot;use_random_posts_num&quot;:&quot;&quot;,&quot;max_posts_num&quot;:9,&quot;not_found_message&quot;:&quot;No data was found&quot;,&quot;is_masonry&quot;:false,&quot;equal_columns_height&quot;:&quot;&quot;,&quot;use_load_more&quot;:&quot;&quot;,&quot;load_more_id&quot;:&quot;&quot;,&quot;load_more_type&quot;:&quot;click&quot;,&quot;load_more_offset&quot;:{&quot;unit&quot;:&quot;px&quot;,&quot;size&quot;:0,&quot;sizes&quot;:[]},&quot;use_custom_post_types&quot;:&quot;&quot;,&quot;custom_post_types&quot;:[],&quot;hide_widget_if&quot;:&quot;&quot;,&quot;carousel_enabled&quot;:&quot;&quot;,&quot;slides_to_scroll&quot;:&quot;1&quot;,&quot;arrows&quot;:&quot;true&quot;,&quot;arrow_icon&quot;:&quot;fa fa-angle-left&quot;,&quot;dots&quot;:&quot;&quot;,&quot;autoplay&quot;:&quot;true&quot;,&quot;pause_on_hover&quot;:&quot;true&quot;,&quot;autoplay_speed&quot;:5000,&quot;infinite&quot;:&quot;true&quot;,&quot;center_mode&quot;:&quot;&quot;,&quot;effect&quot;:&quot;slide&quot;,&quot;speed&quot;:500,&quot;inject_alternative_items&quot;:&quot;&quot;,&quot;injection_items&quot;:[],&quot;scroll_slider_enabled&quot;:&quot;&quot;,&quot;scroll_slider_on&quot;:[&quot;desktop&quot;,&quot;tablet&quot;,&quot;mobile&quot;],&quot;custom_query&quot;:false,&quot;custom_query_id&quot;:&quot;&quot;,&quot;_element_id&quot;:&quot;&quot;,&quot;collapse_first_last_gap&quot;:false,&quot;list_tag_selection&quot;:&quot;&quot;,&quot;list_items_wrapper_tag&quot;:&quot;div&quot;,&quot;list_item_tag&quot;:&quot;div&quot;,&quot;empty_items_wrapper_tag&quot;:&quot;div&quot;}}\" data-page=\"1\" data-pages=\"1\" data-listing-source=\"posts\" data-listing-id=\"36836\" data-query-id=\"\"><div class=\"jet-listing-grid__item jet-listing-dynamic-post-43096\" data-post-id=\"43096\"  >\t\t<div data-elementor-type=\"jet-listing-items\" data-elementor-id=\"43290\" class=\"elementor elementor-43290 elementor-36836\" data-elementor-post-type=\"jet-engine\">\n\t\t\t\t<a class=\"elementor-element elementor-element-4a9f56a e-flex e-con-boxed e-con e-parent\" data-id=\"4a9f56a\" data-element_type=\"container\" data-settings=\"{&quot;background_background&quot;:&quot;classic&quot;}\" href=\"https:\/\/oeklo.at\/en\/kaufen\/oeklo-shower\">\n\t\t\t\t\t<div class=\"e-con-inner\">\n\t\t\t\t<div class=\"elementor-element elementor-element-5271a0f elementor-widget elementor-widget-image\" data-id=\"5271a0f\" data-element_type=\"widget\" data-widget_type=\"image.default\">\n\t\t\t\t<div class=\"elementor-widget-container\">\n\t\t\t\t\t\t\t\t\t\t\t\t\t\t\t<img fetchpriority=\"high\" decoding=\"async\" width=\"800\" height=\"800\" src=\"https:\/\/oeklo.at\/wp-content\/uploads\/2022\/05\/46.jpg\" class=\"attachment-large size-large wp-image-41131\" alt=\"\" srcset=\"https:\/\/oeklo.at\/wp-content\/uploads\/2022\/05\/46.jpg 1000w, https:\/\/oeklo.at\/wp-content\/uploads\/2022\/05\/46-300x300.jpg 300w, https:\/\/oeklo.at\/wp-content\/uploads\/2022\/05\/46-150x150.jpg 150w, https:\/\/oeklo.at\/wp-content\/uploads\/2022\/05\/46-768x768.jpg 768w, https:\/\/oeklo.at\/wp-content\/uploads\/2022\/05\/46-600x600.jpg 600w, https:\/\/oeklo.at\/wp-content\/uploads\/2022\/05\/46-100x100.jpg 100w, https:\/\/oeklo.at\/wp-content\/uploads\/2022\/05\/46-24x24.jpg 24w, https:\/\/oeklo.at\/wp-content\/uploads\/2022\/05\/46-48x48.jpg 48w, https:\/\/oeklo.at\/wp-content\/uploads\/2022\/05\/46-96x96.jpg 96w\" sizes=\"(max-width: 800px) 100vw, 800px\" \/>\t\t\t\t\t\t\t\t\t\t\t\t\t\t\t<\/div>\n\t\t\t\t<\/div>\n\t\t\t\t<div class=\"elementor-element elementor-element-d9f5a84 elementor-widget elementor-widget-heading\" data-id=\"d9f5a84\" data-element_type=\"widget\" data-widget_type=\"heading.default\">\n\t\t\t\t<div class=\"elementor-widget-container\">\n\t\t\t\t\t<span class=\"elementor-heading-title elementor-size-default\">\u00f6Klo Shower<\/span>\t\t\t\t<\/div>\n\t\t\t\t<\/div>\n\t\t\t\t<div class=\"elementor-element elementor-element-7e55ad7 elementor-widget elementor-widget-heading\" data-id=\"7e55ad7\" data-element_type=\"widget\" data-widget_type=\"heading.default\">\n\t\t\t\t<div class=\"elementor-widget-container\">\n\t\t\t\t\t<span class=\"elementor-heading-title elementor-size-default\"><span class=\"woocommerce-Price-amount amount\"><span class=\"woocommerce-Price-currencySymbol\">&euro;<\/span>5.200<\/span><\/span>\t\t\t\t<\/div>\n\t\t\t\t<\/div>\n\t\t\t\t<div class=\"elementor-element elementor-element-3d5ea41 elementor-widget elementor-widget-text-editor\" data-id=\"3d5ea41\" data-element_type=\"widget\" data-widget_type=\"text-editor.default\">\n\t\t\t\t<div class=\"elementor-widget-container\">\n\t\t\t\t\t\t\t\t\t<p>plus shipping<\/p>\t\t\t\t\t\t\t\t<\/div>\n\t\t\t\t<\/div>\n\t\t\t\t\t<\/div>\n\t\t\t\t<\/a>\n\t\t\t\t<\/div>\n\t\t<\/div><div class=\"jet-listing-grid__item jet-listing-dynamic-post-43099\" data-post-id=\"43099\"  >\t\t<div data-elementor-type=\"jet-listing-items\" data-elementor-id=\"43290\" class=\"elementor elementor-43290 elementor-36836\" data-elementor-post-type=\"jet-engine\">\n\t\t\t\t<a class=\"elementor-element elementor-element-4a9f56a e-flex e-con-boxed e-con e-parent\" data-id=\"4a9f56a\" data-element_type=\"container\" data-settings=\"{&quot;background_background&quot;:&quot;classic&quot;}\" href=\"https:\/\/oeklo.at\/en\/kaufen\/oeklo-washing-station-mini\">\n\t\t\t\t\t<div class=\"e-con-inner\">\n\t\t\t\t<div class=\"elementor-element elementor-element-5271a0f elementor-widget elementor-widget-image\" data-id=\"5271a0f\" data-element_type=\"widget\" data-widget_type=\"image.default\">\n\t\t\t\t<div class=\"elementor-widget-container\">\n\t\t\t\t\t\t\t\t\t\t\t\t\t\t\t<img decoding=\"async\" width=\"800\" height=\"800\" src=\"https:\/\/oeklo.at\/wp-content\/uploads\/2022\/05\/16.jpg\" class=\"attachment-large size-large wp-image-41182\" alt=\"\" srcset=\"https:\/\/oeklo.at\/wp-content\/uploads\/2022\/05\/16.jpg 1000w, https:\/\/oeklo.at\/wp-content\/uploads\/2022\/05\/16-300x300.jpg 300w, https:\/\/oeklo.at\/wp-content\/uploads\/2022\/05\/16-150x150.jpg 150w, https:\/\/oeklo.at\/wp-content\/uploads\/2022\/05\/16-768x768.jpg 768w, https:\/\/oeklo.at\/wp-content\/uploads\/2022\/05\/16-600x600.jpg 600w, https:\/\/oeklo.at\/wp-content\/uploads\/2022\/05\/16-100x100.jpg 100w, https:\/\/oeklo.at\/wp-content\/uploads\/2022\/05\/16-24x24.jpg 24w, https:\/\/oeklo.at\/wp-content\/uploads\/2022\/05\/16-48x48.jpg 48w, https:\/\/oeklo.at\/wp-content\/uploads\/2022\/05\/16-96x96.jpg 96w\" sizes=\"(max-width: 800px) 100vw, 800px\" \/>\t\t\t\t\t\t\t\t\t\t\t\t\t\t\t<\/div>\n\t\t\t\t<\/div>\n\t\t\t\t<div class=\"elementor-element elementor-element-d9f5a84 elementor-widget elementor-widget-heading\" data-id=\"d9f5a84\" data-element_type=\"widget\" data-widget_type=\"heading.default\">\n\t\t\t\t<div class=\"elementor-widget-container\">\n\t\t\t\t\t<span class=\"elementor-heading-title elementor-size-default\">\u00f6Klo Washing station Mini<\/span>\t\t\t\t<\/div>\n\t\t\t\t<\/div>\n\t\t\t\t<div class=\"elementor-element elementor-element-7e55ad7 elementor-widget elementor-widget-heading\" data-id=\"7e55ad7\" data-element_type=\"widget\" data-widget_type=\"heading.default\">\n\t\t\t\t<div class=\"elementor-widget-container\">\n\t\t\t\t\t<span class=\"elementor-heading-title elementor-size-default\"><span class=\"woocommerce-Price-amount amount\"><span class=\"woocommerce-Price-currencySymbol\">&euro;<\/span>2.500<\/span><\/span>\t\t\t\t<\/div>\n\t\t\t\t<\/div>\n\t\t\t\t<div class=\"elementor-element elementor-element-3d5ea41 elementor-widget elementor-widget-text-editor\" data-id=\"3d5ea41\" data-element_type=\"widget\" data-widget_type=\"text-editor.default\">\n\t\t\t\t<div class=\"elementor-widget-container\">\n\t\t\t\t\t\t\t\t\t<p>plus shipping<\/p>\t\t\t\t\t\t\t\t<\/div>\n\t\t\t\t<\/div>\n\t\t\t\t\t<\/div>\n\t\t\t\t<\/a>\n\t\t\t\t<\/div>\n\t\t<\/div><\/div><\/div>\t\t\t\t<\/div>\n\t\t\t\t<\/div>\n\t\t\t\t<div class=\"elementor-element elementor-element-e77ba01 elementor-widget__width-initial elementor-widget-laptop__width-inherit elementor-widget elementor-widget-text-editor\" data-id=\"e77ba01\" data-element_type=\"widget\" data-widget_type=\"text-editor.default\">\n\t\t\t\t<div class=\"elementor-widget-container\">\n\t\t\t\t\t\t\t\t\t<h2>Versatile washing and showering options<\/h2><p>Why should you buy a mobile hygiene facility from \u00f6Klo? Our mobile hygiene facilities are a great addition to your home, garden, construction site and more. Whether you&#8217;ve gotten dirty while gardening or need a refreshing shower after a strenuous outdoor activity, our mobile wash and shower unit gives you a convenient and robust solution right on site. You can enjoy the natural beauty of your garden while keeping it clean and refreshed.<\/p><h2>Always clean and refreshed with our mobile hygiene facilities<\/h2><p>Our mobile hygiene facilities are not only useful in the garden &#8211; they are also perfect for field work, construction sites, events or in places without water and sewage connections. If you&#8217;re working in a field and spending all day outdoors, it&#8217;s important to have access to sanitary facilities. Our mobile hygiene facilities allow you to freshen up in a clean and hygienic environment, regardless of the location or lack of connections. You can concentrate fully on your work without having to worry about sanitary conditions.<\/p><p><strong>For a clean future<\/strong><br \/>Our hygiene facilities not only offer you comfort and hygiene, they are also environmentally friendly. No water connections are needed, we work with tanks, so you can minimize the environmental impact. With our mobile hygiene equipment, you can not only ensure your personal hygiene, but also make a contribution.<\/p>\t\t\t\t\t\t\t\t<\/div>\n\t\t\t\t<\/div>\n\t\t\t\t\t<\/div>\n\t\t\t\t<\/div>\n\t\t\t\t<\/div>\n\t\t","protected":false},"excerpt":{"rendered":"<p>Start Buy Mobile washing \u00f6Klo mobile washing Select categoryMobile toiletsMobile urinalsMobile washingAccesoriesBestsellerMerchandiseAll products Are you looking for practical and flexible hygiene solutions to wash your hands or take a cool shower &#8211; without a water connection? Whether in your own garden, on a building site or at an event &#8211; take a look at our [&hellip;]<\/p>\n","protected":false},"author":1,"featured_media":0,"parent":43000,"menu_order":0,"comment_status":"closed","ping_status":"closed","template":"","meta":{"iawp_total_views":18,"footnotes":""},"class_list":["post-43056","page","type-page","status-publish","hentry"],"_links":{"self":[{"href":"https:\/\/oeklo.at\/en\/wp-json\/wp\/v2\/pages\/43056","targetHints":{"allow":["GET"]}}],"collection":[{"href":"https:\/\/oeklo.at\/en\/wp-json\/wp\/v2\/pages"}],"about":[{"href":"https:\/\/oeklo.at\/en\/wp-json\/wp\/v2\/types\/page"}],"author":[{"embeddable":true,"href":"https:\/\/oeklo.at\/en\/wp-json\/wp\/v2\/users\/1"}],"replies":[{"embeddable":true,"href":"https:\/\/oeklo.at\/en\/wp-json\/wp\/v2\/comments?post=43056"}],"version-history":[{"count":0,"href":"https:\/\/oeklo.at\/en\/wp-json\/wp\/v2\/pages\/43056\/revisions"}],"up":[{"embeddable":true,"href":"https:\/\/oeklo.at\/en\/wp-json\/wp\/v2\/pages\/43000"}],"wp:attachment":[{"href":"https:\/\/oeklo.at\/en\/wp-json\/wp\/v2\/media?parent=43056"}],"curies":[{"name":"wp","href":"https:\/\/api.w.org\/{rel}","templated":true}]}}