{"id":43002,"date":"2022-03-03T13:34:25","date_gmt":"2022-03-03T11:34:25","guid":{"rendered":"https:\/\/staging.oeklo.at\/checkout"},"modified":"2025-01-18T21:30:21","modified_gmt":"2025-01-18T19:30:21","slug":"checkout","status":"publish","type":"page","link":"https:\/\/oeklo.at\/en\/checkout","title":{"rendered":"Checkout"},"content":{"rendered":"<div class=\"woocommerce\"><div class=\"woocommerce-notices-wrapper\"><\/div><div class=\"woocommerce-notices-wrapper\"><\/div>\n<form name=\"checkout\" method=\"post\" class=\"checkout woocommerce-checkout\" action=\"https:\/\/oeklo.at\/en\/checkout\" enctype=\"multipart\/form-data\" aria-label=\"Checkout\">\n\n\t\n\t\t        <input type=\"hidden\" name=\"wfob_input_hidden_data\" id=\"wfob_input_hidden_data\">\n        <input type=\"hidden\" name=\"wfob_input_bump_shown_ids\" id=\"wfob_input_bump_shown_ids\">\n        <input type=\"hidden\" name=\"wfob_input_bump_global_data\" id=\"wfob_input_bump_global_data\">\n\t\t\n\t\t<div class=\"col2-set\" id=\"customer_details\">\n\t\t\t<div class=\"col-1\">\n\t\t\t\t<wc-order-attribution-inputs><\/wc-order-attribution-inputs><div class=\"woocommerce-billing-fields\">\n\t\n\t\t<h3>Billing details<\/h3>\n\n\t\n\t\n\t<div class=\"woocommerce-billing-fields__field-wrapper\">\n\t\t<p class=\"form-row form-row-first validate-required\" id=\"billing_first_name_field\" data-priority=\"10\"><label for=\"billing_first_name\" class=\"required_field\">First name&nbsp;<span class=\"required\" aria-hidden=\"true\">*<\/span><\/label><span class=\"woocommerce-input-wrapper\"><input type=\"text\" class=\"input-text \" name=\"billing_first_name\" id=\"billing_first_name\" placeholder=\"\"  value=\"\" aria-required=\"true\" autocomplete=\"given-name\" \/><\/span><\/p><p class=\"form-row form-row-last validate-required\" id=\"billing_last_name_field\" data-priority=\"20\"><label for=\"billing_last_name\" class=\"required_field\">Last name&nbsp;<span class=\"required\" aria-hidden=\"true\">*<\/span><\/label><span class=\"woocommerce-input-wrapper\"><input type=\"text\" class=\"input-text \" name=\"billing_last_name\" id=\"billing_last_name\" placeholder=\"\"  value=\"\" aria-required=\"true\" autocomplete=\"family-name\" \/><\/span><\/p><p class=\"form-row form-row-wide\" id=\"billing_company_field\" data-priority=\"30\"><label for=\"billing_company\" class=\"\">Company name&nbsp;<span class=\"optional\">(optional)<\/span><\/label><span class=\"woocommerce-input-wrapper\"><input type=\"text\" class=\"input-text \" name=\"billing_company\" id=\"billing_company\" placeholder=\"\"  value=\"\" autocomplete=\"organization\" \/><\/span><\/p><p class=\"form-row form-row-wide address-field update_totals_on_change validate-required\" id=\"billing_country_field\" data-priority=\"40\"><label for=\"billing_country\" class=\"required_field\">Country \/ Region&nbsp;<span class=\"required\" aria-hidden=\"true\">*<\/span><\/label><span class=\"woocommerce-input-wrapper\"><select name=\"billing_country\" id=\"billing_country\" class=\"country_to_state country_select \" aria-required=\"true\" autocomplete=\"country\" data-placeholder=\"Select a country \/ region&hellip;\" data-label=\"Country \/ Region\"><option value=\"\">Select a country \/ region&hellip;<\/option><option value=\"DE\" >Germany<\/option><option value=\"US\" >United States (US)<\/option><option value=\"AT\"  selected='selected'>Austria<\/option><\/select><noscript><button type=\"submit\" name=\"woocommerce_checkout_update_totals\" value=\"Update country \/ region\">Update country \/ region<\/button><\/noscript><\/span><\/p><p class=\"form-row form-row-wide address-field validate-required\" id=\"billing_address_1_field\" data-priority=\"50\"><label for=\"billing_address_1\" class=\"required_field\">Street address&nbsp;<span class=\"required\" aria-hidden=\"true\">*<\/span><\/label><span class=\"woocommerce-input-wrapper\"><input type=\"text\" class=\"input-text \" name=\"billing_address_1\" id=\"billing_address_1\" placeholder=\"House number and street name\"  value=\"\" aria-required=\"true\" autocomplete=\"address-line1\" \/><\/span><\/p><p class=\"form-row form-row-wide address-field\" id=\"billing_address_2_field\" data-priority=\"60\"><label for=\"billing_address_2\" class=\"screen-reader-text\">Apartment, suite, unit, etc.&nbsp;<span class=\"optional\">(optional)<\/span><\/label><span class=\"woocommerce-input-wrapper\"><input type=\"text\" class=\"input-text \" name=\"billing_address_2\" id=\"billing_address_2\" placeholder=\"Apartment, suite, unit, etc. (optional)\"  value=\"\" autocomplete=\"address-line2\" \/><\/span><\/p><p class=\"form-row form-row-wide address-field validate-required validate-postcode\" id=\"billing_postcode_field\" data-priority=\"65\"><label for=\"billing_postcode\" class=\"required_field\">Postcode \/ ZIP&nbsp;<span class=\"required\" aria-hidden=\"true\">*<\/span><\/label><span class=\"woocommerce-input-wrapper\"><input type=\"text\" class=\"input-text \" name=\"billing_postcode\" id=\"billing_postcode\" placeholder=\"\"  value=\"\" aria-required=\"true\" autocomplete=\"postal-code\" \/><\/span><\/p><p class=\"form-row form-row-wide address-field validate-required\" id=\"billing_city_field\" data-priority=\"70\"><label for=\"billing_city\" class=\"required_field\">Town \/ City&nbsp;<span class=\"required\" aria-hidden=\"true\">*<\/span><\/label><span class=\"woocommerce-input-wrapper\"><input type=\"text\" class=\"input-text \" name=\"billing_city\" id=\"billing_city\" placeholder=\"\"  value=\"\" aria-required=\"true\" autocomplete=\"address-level2\" \/><\/span><\/p><p class=\"form-row form-row-wide address-field validate-state\" id=\"billing_state_field\" style=\"display: none\"><label for=\"billing_state\" class=\"\">State \/ County&nbsp;<span class=\"optional\">(optional)<\/span><\/label><span class=\"woocommerce-input-wrapper\"><input type=\"hidden\" class=\"hidden\" name=\"billing_state\" id=\"billing_state\" value=\"\" autocomplete=\"address-level1\" placeholder=\"\" readonly=\"readonly\" data-input-classes=\"\"\/><\/span><\/p><p class=\"form-row form-row-wide validate-required validate-phone\" id=\"billing_phone_field\" data-priority=\"100\"><label for=\"billing_phone\" class=\"required_field\">Phone&nbsp;<span class=\"required\" aria-hidden=\"true\">*<\/span><\/label><span class=\"woocommerce-input-wrapper\"><input type=\"tel\" class=\"input-text \" name=\"billing_phone\" id=\"billing_phone\" placeholder=\"\"  value=\"\" aria-required=\"true\" autocomplete=\"tel\" \/><\/span><\/p><p class=\"form-row form-row-wide validate-required validate-email\" id=\"billing_email_field\" data-priority=\"110\"><label for=\"billing_email\" class=\"required_field\">Email address&nbsp;<span class=\"required\" aria-hidden=\"true\">*<\/span><\/label><span class=\"woocommerce-input-wrapper\"><input type=\"email\" class=\"input-text \" name=\"billing_email\" id=\"billing_email\" placeholder=\"\"  value=\"\" aria-required=\"true\" autocomplete=\"email\" \/><\/span><\/p>\t<\/div>\n\n\t<\/div>\n\n\t\t\t<\/div>\n\n\t\t\t<div class=\"col-2\">\n\t\t\t\t<div class=\"woocommerce-shipping-fields\">\n\t<\/div>\n<div class=\"woocommerce-additional-fields\">\n\t\n\t\n\t\t\n\t\t\t<h3>Additional information<\/h3>\n\n\t\t\n\t\t<div class=\"woocommerce-additional-fields__field-wrapper\">\n\t\t\t\t\t\t\t<p class=\"form-row notes\" id=\"order_comments_field\" data-priority=\"\"><label for=\"order_comments\" class=\"\">Order notes&nbsp;<span class=\"optional\">(optional)<\/span><\/label><span class=\"woocommerce-input-wrapper\"><textarea name=\"order_comments\" class=\"input-text \" id=\"order_comments\" placeholder=\"Notes about your order, e.g. special notes for delivery.\"  rows=\"2\" cols=\"5\"><\/textarea><\/span><\/p>\t\t\t\t\t<\/div>\n\n\t\n\t<\/div>\n\t\t\t<\/div>\n\t\t<\/div>\n\n\t\t\n\t\t\n\t\t\n\t<h3 id=\"order_review_heading\">Your order<\/h3>\n\t\n\t\n\t<div id=\"order_review\" class=\"woocommerce-checkout-review-order\">\n\t\t<table class=\"shop_table woocommerce-checkout-review-order-table\">\n\t<thead>\n\t\t<tr>\n\t\t\t<th class=\"product-name\">Product<\/th>\n\t\t\t<th class=\"product-total\">Subtotal<\/th>\n\t\t<\/tr>\n\t<\/thead>\n\t<tbody>\n\t\t\t<\/tbody>\n\t<tfoot>\n\n\t\t<tr class=\"cart-subtotal\">\n\t\t\t<th>Subtotal<\/th>\n\t\t\t<td><span class=\"woocommerce-Price-amount amount\"><bdi><span class=\"woocommerce-Price-currencySymbol\">&euro;<\/span>0<\/bdi><\/span><\/td>\n\t\t<\/tr>\n\n\t\t\n\t\t\n\t\t\n\t\t\n\t\t\n\t\t<tr class=\"order-total\">\n\t\t\t<th>Total<\/th>\n\t\t\t<td><strong><span class=\"woocommerce-Price-amount amount\"><bdi><span class=\"woocommerce-Price-currencySymbol\">&euro;<\/span>0<\/bdi><\/span><\/strong> <\/td>\n\t\t<\/tr>\n\n\t\t\n\t<\/tfoot>\n<\/table>\n<input type='hidden' name='lang' value='en' \/><div id=\"payment\" class=\"woocommerce-checkout-payment\">\n\t\t<div class=\"form-row place-order\">\n\t\t<noscript>\n\t\t\tSince your browser does not support JavaScript, or it is disabled, please ensure you click the <em>Update Totals<\/em> button before placing your order. You may be charged more than the amount stated above if you fail to do so.\t\t\t<br\/><button type=\"submit\" class=\"button alt\" name=\"woocommerce_checkout_update_totals\" value=\"Update totals\">Update totals<\/button>\n\t\t<\/noscript>\n\n\t\t\t<div class=\"woocommerce-terms-and-conditions-wrapper\">\n\t\t<div class=\"woocommerce-privacy-policy-text\"><p>Wir verwenden deine personenbezogenen Daten, um deine Bestellung durchf\u00fchren zu k\u00f6nnen, eine m\u00f6glichst gute Benutzererfahrung auf dieser Website zu erm\u00f6glichen und f\u00fcr weitere Zwecke, die in unserer <a href=\"\" class=\"woocommerce-privacy-policy-link\" target=\"_blank\">privacy policy<\/a> beschrieben sind.<\/p>\n<\/div><div class=\"woocommerce-terms-and-conditions\" style=\"display: none; max-height: 200px; overflow: auto;\"><h1>Allgemeine Gesch\u00e4ftsbedingungen f\u00fcr Kauf- und Mietvertr\u00e4ge<\/h1>\n<ul>\n<li>\n\t\t\t\t\t\t\t\t\t\t\t<a href=\"#kaufen\"><br \/>\n\t\t\t\t\t\t\t\t\t\tAGB Kaufvertr\u00e4ge<br \/>\n\t\t\t\t\t\t\t\t\t\t\t<\/a>\n\t\t\t\t\t\t\t\t\t<\/li>\n<li>\n\t\t\t\t\t\t\t\t\t\t\t<a href=\"#mieten\"><br \/>\n\t\t\t\t\t\t\t\t\t\tAGB Mietvertr\u00e4ge<br \/>\n\t\t\t\t\t\t\t\t\t\t\t<\/a>\n\t\t\t\t\t\t\t\t\t<\/li>\n<\/ul>\n<\/div>\n\t\t\t\t\t<p class=\"form-row validate-required\">\n\t\t\t\t<label class=\"woocommerce-form__label woocommerce-form__label-for-checkbox checkbox\">\n\t\t\t\t<input type=\"checkbox\" class=\"woocommerce-form__input woocommerce-form__input-checkbox input-checkbox\" name=\"terms\"  id=\"terms\" \/>\n\t\t\t\t\t<span class=\"woocommerce-terms-and-conditions-checkbox-text\">I have read and agree to the website <a href=\"https:\/\/oeklo.at\/info\/allgemeine_geschaeftsbedingungen\" class=\"woocommerce-terms-and-conditions-link\" target=\"_blank\">terms and conditions<\/a><\/span>&nbsp;<abbr class=\"required\" title=\"required\">*<\/abbr>\n\t\t\t\t<\/label>\n\t\t\t\t<input type=\"hidden\" name=\"terms-field\" value=\"1\" \/>\n\t\t\t<\/p>\n\t\t\t<\/div>\n\t\n\t\t\n\t\t<button type=\"submit\" class=\"button alt\" name=\"woocommerce_checkout_place_order\" id=\"place_order\" value=\"Place order\" data-value=\"Place order\">Place order<\/button>\n\t\t\n\t\t<input type=\"hidden\" id=\"woocommerce-process-checkout-nonce\" name=\"woocommerce-process-checkout-nonce\" value=\"c0ae5b4eb6\" \/><input type=\"hidden\" name=\"_wp_http_referer\" value=\"\/en\/wp-json\/wp\/v2\/pages\/43002\" \/>\t<\/div>\n<\/div>\n\t<\/div>\n\n\t\n<\/form>\n\n<\/div>\n","protected":false},"excerpt":{"rendered":"","protected":false},"author":1,"featured_media":0,"parent":0,"menu_order":20,"comment_status":"closed","ping_status":"closed","template":"","meta":{"iawp_total_views":94,"footnotes":""},"class_list":["post-43002","page","type-page","status-publish","hentry"],"_links":{"self":[{"href":"https:\/\/oeklo.at\/en\/wp-json\/wp\/v2\/pages\/43002","targetHints":{"allow":["GET"]}}],"collection":[{"href":"https:\/\/oeklo.at\/en\/wp-json\/wp\/v2\/pages"}],"about":[{"href":"https:\/\/oeklo.at\/en\/wp-json\/wp\/v2\/types\/page"}],"author":[{"embeddable":true,"href":"https:\/\/oeklo.at\/en\/wp-json\/wp\/v2\/users\/1"}],"replies":[{"embeddable":true,"href":"https:\/\/oeklo.at\/en\/wp-json\/wp\/v2\/comments?post=43002"}],"version-history":[{"count":0,"href":"https:\/\/oeklo.at\/en\/wp-json\/wp\/v2\/pages\/43002\/revisions"}],"wp:attachment":[{"href":"https:\/\/oeklo.at\/en\/wp-json\/wp\/v2\/media?parent=43002"}],"curies":[{"name":"wp","href":"https:\/\/api.w.org\/{rel}","templated":true}]}}